{"id":2040,"date":"2017-09-26T07:59:37","date_gmt":"2017-09-26T07:59:37","guid":{"rendered":"http:\/\/victorthemes.com\/themes\/zipprich\/?page_id=2040"},"modified":"2018-02-01T12:29:06","modified_gmt":"2018-02-01T12:29:06","slug":"inicio","status":"publish","type":"page","link":"https:\/\/tinchost.com\/en\/","title":{"rendered":"Home"},"content":{"rendered":"<p>[vc_row full_width=&#8221;stretch_row&#8221; overlay_dotted=&#8221;&#8221; css=&#8221;.vc_custom_1508484568000{background-image: url(http:\/\/victorthemes.com\/themes\/zipprich\/wp-content\/uploads\/2017\/01\/background-img.jpg?id=2539) !important;background-position: center !important;background-repeat: no-repeat !important;background-size: cover !important;}&#8221; overlay_color=&#8221;rgba(12,17,42,0.9)&#8221;][vc_column]    <div class=\"ziph-domainMainSearch_area  ziph-domainsearch_area-69f2b1a24a716 \">\n      <div class=\"ziph-domainMainSearch\">\n        <div class=\"ziph-fix ziph-domainMain_warp\">\n                      <div class=\"text-center  ziph-domainMainSrch_txt\">\n              <h2 class=\"ziph-domainMainSrch_title\">Get a domain name<\/h2>\n                            <p>Find the most convenient domain for your project<\/p>\n                          <\/div>\n                    <div class=\" ziph-domainsrch_form\">\n                        <form method=\"get\" action=\"https:\/\/tinchost.com\/whmcs\/cart.php\">\n              <input type=\"hidden\" name=\"language\" value=\"english\">\n              <input type=\"hidden\" name=\"a\" value=\"add\">\n              <input type=\"hidden\" name=\"domain\" value=\"register\">\n              <input type=\"search\" id=\"whmcs_domain_search\" name=\"query\" placeholder=\"Enter your domain here\">\n              <input id=\"domsrch_btn\" value=\"Search\" type=\"submit\">\n            <\/form>\n                      <\/div>\n        <\/div>\n\n        \n                <div class=\"text-center\">\n          <p class=\"whmp-domain-required\">Domain name required.<\/p>\n        <\/div>\n              <\/div>\n    <\/div>\n\n    [\/vc_column][\/vc_row][vc_row full_width=&#8221;stretch_row&#8221; overlay_dotted=&#8221;&#8221; css=&#8221;.vc_custom_1506449049336{padding-top: 97px !important;padding-bottom: 111px !important;}&#8221;][vc_column]<div class=\"ziph-section_txt text-center \"><h3 class=\"\">High powered hosting plans to meet your need<\/h3><p class=\"ziph-section_subtxt\">We offer an excellent customer service that will solve all the doubts you may have<\/p><\/div>[vc_row_inner][vc_column_inner width=&#8221;1\/3&#8243;]\n    \t\t        <div class=\"text-center ziph-pricing_single   ziph-pricing_single-69f2b1a24a7c6\">\n\t            <div class=\"ziph-tblpric_hdr\">\n\t                Basic Plan\t            <\/div>\n\t            <div class=\"ziph-tblpricing\">\n\t                <div class=\"ziph-tblpric\">3,80 \u20ac<sub>\/mo<\/sub><\/div>\n\t                <q>Basic web hosting<br \/>\nfor smaller project.<\/q>\n\t                <a href=\"https:\/\/tinchost.com\/whmcs\/cart.php?a=add&amp;pid=1&amp;language=english\" class=\"btn ziph-btn\">Get Started<\/a>\n\t            <\/div>\n\t            <div class=\"ziph-tblpric_list\">\n\t                <ul class=\"list-unstyled\">\n\t\t                <li>5 GB Hard disk<\/li><li>10 GB Monthly traffic<\/li><li>3 Email accounts<\/li><li>5 Subdomains<\/li><li>1 Database<\/li><li>cPanel<\/li>\t                <\/ul>\n\t            <\/div>\n\t        <\/div>\n        \n    [\/vc_column_inner][vc_column_inner width=&#8221;1\/3&#8243;]\n    \t\t        <div class=\"text-center ziph-pricing_single   ziph-pricing_single-69f2b1a24a860\">\n\t            <div class=\"ziph-tblpric_hdr\">\n\t                Advanced Plan\t            <\/div>\n\t            <div class=\"ziph-tblpricing\">\n\t                <div class=\"ziph-tblpric\">6,01 \u20ac<sub>\/mo<\/sub><\/div>\n\t                <q>Advanced web hosting plan for<br \/>\nmedium &amp; growing sites.<\/q>\n\t                <a href=\"https:\/\/tinchost.com\/whmcs\/cart.php?a=add&amp;pid=2&amp;language=english\" class=\"btn ziph-btn\">Get Started<\/a>\n\t            <\/div>\n\t            <div class=\"ziph-tblpric_list\">\n\t                <ul class=\"list-unstyled\">\n\t\t                <li>10 GB Hard disk<\/li><li>20 GB Monthly traffic<\/li><li>10 Email accounts<\/li><li>10 Subdomains<\/li><li>5 Databases<\/li><li>cPanel<\/li>\t                <\/ul>\n\t            <\/div>\n\t        <\/div>\n        \n    [\/vc_column_inner][vc_column_inner width=&#8221;1\/3&#8243;]\n    \t\t        <div class=\"text-center ziph-pricing_single   ziph-pricing_single-69f2b1a24a8e8\">\n\t            <div class=\"ziph-tblpric_hdr\">\n\t                Professional Plan\t            <\/div>\n\t            <div class=\"ziph-tblpricing\">\n\t                <div class=\"ziph-tblpric\">19,89 \u20ac<sub>\/mo<\/sub><\/div>\n\t                <q>Professional web hosting plan for<br \/>\nmultiple sites &amp; businesses.<\/q>\n\t                <a href=\"https:\/\/tinchost.com\/whmcs\/cart.php?a=add&amp;pid=3&amp;language=english\" class=\"btn ziph-btn\">Get Started<\/a>\n\t            <\/div>\n\t            <div class=\"ziph-tblpric_list\">\n\t                <ul class=\"list-unstyled\">\n\t\t                <li>20 GB Hard disk<\/li><li>30 GB Monthly traffic<\/li><li>30 Email accounts<\/li><li>30 Subdomains<\/li><li>10 Databases<\/li><li>cPanel<\/li>\t                <\/ul>\n\t            <\/div>\n\t        <\/div>\n        \n    [\/vc_column_inner][\/vc_row_inner][\/vc_column][\/vc_row]<\/p>","protected":false},"excerpt":{"rendered":"[vc_row full_width=&#8221;stretch_row&#8221; overlay_dotted=&#8221;&#8221; css=&#8221;.vc_custom_1508484568000{background-image: url(http:\/\/victorthemes.com\/themes\/zipprich\/wp-content\/uploads\/2017\/01\/background-img.jpg?id=2539) !important;background-position: center !important;background-repeat: no-repeat !important;background-size: cover !important;}&#8221; overlay_color=&#8221;rgba(12,17,42,0.9)&#8221;][vc_column][\/vc_column][\/vc_row][vc_row full_width=&#8221;stretch_row&#8221; overlay_dotted=&#8221;&#8221; css=&#8221;.vc_custom_1506449049336{padding-top: 97px !important;padding-bottom: 111px !important;}&#8221;][vc_column][vc_row_inner][vc_column_inner width=&#8221;1\/3&#8243;][\/vc_column_inner][vc_column_inner width=&#8221;1\/3&#8243;][\/vc_column_inner][vc_column_inner width=&#8221;1\/3&#8243;][\/vc_column_inner][\/vc_row_inner][\/vc_column][\/vc_row]","protected":false},"author":1,"featured_media":0,"parent":0,"menu_order":0,"comment_status":"closed","ping_status":"closed","template":"","meta":{"spay_email":""},"yoast_head":"<!-- This site is optimized with the Yoast SEO plugin v18.2 - https:\/\/yoast.com\/wordpress\/plugins\/seo\/ -->\n<title>Tinchost - Hosting i allotjament web de confian\u00e7a<\/title>\n<meta name=\"description\" content=\"Tinchost t&#039;ofereix el servei hosting i domini m\u00e9s adaptat a les teves necessitats, t&#039;oferim una atenci\u00f3 al client personalitzada\" \/>\n<meta name=\"robots\" content=\"index, follow, max-snippet:-1, max-image-preview:large, max-video-preview:-1\" \/>\n<link rel=\"canonical\" href=\"https:\/\/tinchost.com\/ca\/\" \/>\n<meta property=\"og:locale\" content=\"en_US\" \/>\n<meta property=\"og:type\" content=\"article\" \/>\n<meta property=\"og:title\" content=\"Tinchost - Hosting i allotjament web de confian\u00e7a\" \/>\n<meta property=\"og:description\" content=\"Tinchost t&#039;ofereix el servei hosting i domini m\u00e9s adaptat a les teves necessitats, t&#039;oferim una atenci\u00f3 al client personalitzada\" \/>\n<meta property=\"og:url\" content=\"https:\/\/tinchost.com\/ca\/\" \/>\n<meta property=\"og:site_name\" content=\"Tinchost - Trusted web hosting and domains\" \/>\n<meta property=\"article:modified_time\" content=\"2018-02-01T12:29:06+00:00\" \/>\n<meta name=\"twitter:card\" content=\"summary_large_image\" \/>\n<meta name=\"twitter:label1\" content=\"Est. reading time\" \/>\n\t<meta name=\"twitter:data1\" content=\"8 minutes\" \/>\n<script type=\"application\/ld+json\" class=\"yoast-schema-graph\">{\"@context\":\"https:\/\/schema.org\",\"@graph\":[{\"@type\":\"WebSite\",\"@id\":\"https:\/\/tinchost.com\/ca\/#website\",\"url\":\"https:\/\/tinchost.com\/ca\/\",\"name\":\"Tinchost - Trusted web hosting and domains\",\"description\":\"Tinchost offers you the hosting service and domain more adapted to your needs, we offer a personalized customer service\",\"potentialAction\":[{\"@type\":\"SearchAction\",\"target\":{\"@type\":\"EntryPoint\",\"urlTemplate\":\"https:\/\/tinchost.com\/ca\/?s={search_term_string}\"},\"query-input\":\"required name=search_term_string\"}],\"inLanguage\":\"en-US\"},{\"@type\":\"WebPage\",\"@id\":\"https:\/\/tinchost.com\/ca\/#webpage\",\"url\":\"https:\/\/tinchost.com\/ca\/\",\"name\":\"Tinchost - Hosting i allotjament web de confian\u00e7a\",\"isPartOf\":{\"@id\":\"https:\/\/tinchost.com\/ca\/#website\"},\"datePublished\":\"2017-09-26T07:59:37+00:00\",\"dateModified\":\"2018-02-01T12:29:06+00:00\",\"description\":\"Tinchost t'ofereix el servei hosting i domini m\u00e9s adaptat a les teves necessitats, t'oferim una atenci\u00f3 al client personalitzada\",\"breadcrumb\":{\"@id\":\"https:\/\/tinchost.com\/ca\/#breadcrumb\"},\"inLanguage\":\"en-US\",\"potentialAction\":[{\"@type\":\"ReadAction\",\"target\":[\"https:\/\/tinchost.com\/ca\/\"]}]},{\"@type\":\"BreadcrumbList\",\"@id\":\"https:\/\/tinchost.com\/ca\/#breadcrumb\",\"itemListElement\":[{\"@type\":\"ListItem\",\"position\":1,\"name\":\"Portada\",\"item\":\"https:\/\/tinchost.com\/ca\/\"},{\"@type\":\"ListItem\",\"position\":2,\"name\":\"Inici\"}]}]}<\/script>\n<!-- \/ Yoast SEO plugin. -->","yoast_head_json":{"title":"Tinchost - Hosting i allotjament web de confian\u00e7a","description":"Tinchost t'ofereix el servei hosting i domini m\u00e9s adaptat a les teves necessitats, t'oferim una atenci\u00f3 al client personalitzada","robots":{"index":"index","follow":"follow","max-snippet":"max-snippet:-1","max-image-preview":"max-image-preview:large","max-video-preview":"max-video-preview:-1"},"canonical":"https:\/\/tinchost.com\/ca\/","og_locale":"en_US","og_type":"article","og_title":"Tinchost - Hosting i allotjament web de confian\u00e7a","og_description":"Tinchost t'ofereix el servei hosting i domini m\u00e9s adaptat a les teves necessitats, t'oferim una atenci\u00f3 al client personalitzada","og_url":"https:\/\/tinchost.com\/ca\/","og_site_name":"Tinchost - Trusted web hosting and domains","article_modified_time":"2018-02-01T12:29:06+00:00","twitter_card":"summary_large_image","twitter_misc":{"Est. reading time":"8 minutes"},"schema":{"@context":"https:\/\/schema.org","@graph":[{"@type":"WebSite","@id":"https:\/\/tinchost.com\/ca\/#website","url":"https:\/\/tinchost.com\/ca\/","name":"Tinchost - Trusted web hosting and domains","description":"Tinchost offers you the hosting service and domain more adapted to your needs, we offer a personalized customer service","potentialAction":[{"@type":"SearchAction","target":{"@type":"EntryPoint","urlTemplate":"https:\/\/tinchost.com\/ca\/?s={search_term_string}"},"query-input":"required name=search_term_string"}],"inLanguage":"en-US"},{"@type":"WebPage","@id":"https:\/\/tinchost.com\/ca\/#webpage","url":"https:\/\/tinchost.com\/ca\/","name":"Tinchost - Hosting i allotjament web de confian\u00e7a","isPartOf":{"@id":"https:\/\/tinchost.com\/ca\/#website"},"datePublished":"2017-09-26T07:59:37+00:00","dateModified":"2018-02-01T12:29:06+00:00","description":"Tinchost t'ofereix el servei hosting i domini m\u00e9s adaptat a les teves necessitats, t'oferim una atenci\u00f3 al client personalitzada","breadcrumb":{"@id":"https:\/\/tinchost.com\/ca\/#breadcrumb"},"inLanguage":"en-US","potentialAction":[{"@type":"ReadAction","target":["https:\/\/tinchost.com\/ca\/"]}]},{"@type":"BreadcrumbList","@id":"https:\/\/tinchost.com\/ca\/#breadcrumb","itemListElement":[{"@type":"ListItem","position":1,"name":"Portada","item":"https:\/\/tinchost.com\/ca\/"},{"@type":"ListItem","position":2,"name":"Inici"}]}]}},"_links":{"self":[{"href":"https:\/\/tinchost.com\/en\/wp-json\/wp\/v2\/pages\/2040"}],"collection":[{"href":"https:\/\/tinchost.com\/en\/wp-json\/wp\/v2\/pages"}],"about":[{"href":"https:\/\/tinchost.com\/en\/wp-json\/wp\/v2\/types\/page"}],"author":[{"embeddable":true,"href":"https:\/\/tinchost.com\/en\/wp-json\/wp\/v2\/users\/1"}],"replies":[{"embeddable":true,"href":"https:\/\/tinchost.com\/en\/wp-json\/wp\/v2\/comments?post=2040"}],"version-history":[{"count":51,"href":"https:\/\/tinchost.com\/en\/wp-json\/wp\/v2\/pages\/2040\/revisions"}],"predecessor-version":[{"id":2630,"href":"https:\/\/tinchost.com\/en\/wp-json\/wp\/v2\/pages\/2040\/revisions\/2630"}],"wp:attachment":[{"href":"https:\/\/tinchost.com\/en\/wp-json\/wp\/v2\/media?parent=2040"}],"curies":[{"name":"wp","href":"https:\/\/api.w.org\/{rel}","templated":true}]}}