{"id":1606,"date":"2017-09-15T17:06:39","date_gmt":"2017-09-15T17:06:39","guid":{"rendered":"http:\/\/victorthemes.com\/themes\/zipprich\/contact-form-7-copy\/"},"modified":"2018-02-01T12:45:33","modified_gmt":"2018-02-01T12:45:33","slug":"contact","status":"publish","type":"page","link":"https:\/\/tinchost.com\/ca\/contacte\/","title":{"rendered":"Contacte"},"content":{"rendered":"<p>[vc_row][vc_column width=&#8221;2\/3&#8243;][vc_row_inner][vc_column_inner]<div class=\"ziph-contactForm_warp contact-box-two ziph-contact-69f5568edc9c7\"><h3 class=\"ziph-contactForm_title\">Contacteu amb nosaltres<\/h3><div role=\"form\" class=\"wpcf7\" id=\"wpcf7-f2625-o2\" lang=\"en-US\" dir=\"ltr\">\n<div class=\"screen-reader-response\">\n<p role=\"status\" aria-live=\"polite\" aria-atomic=\"true\">\n<ul><\/ul>\n<\/div>\n<form action=\"\/ca\/wp-json\/wp\/v2\/pages\/1606#wpcf7-f2625-o2\" method=\"post\" class=\"wpcf7-form init\" novalidate=\"novalidate\" data-status=\"init\">\n<div style=\"display: none;\">\n<input type=\"hidden\" name=\"_wpcf7\" value=\"2625\" \/><br \/>\n<input type=\"hidden\" name=\"_wpcf7_version\" value=\"5.3\" \/><br \/>\n<input type=\"hidden\" name=\"_wpcf7_locale\" value=\"en_US\" \/><br \/>\n<input type=\"hidden\" name=\"_wpcf7_unit_tag\" value=\"wpcf7-f2625-o2\" \/><br \/>\n<input type=\"hidden\" name=\"_wpcf7_container_post\" value=\"0\" \/><br \/>\n<input type=\"hidden\" name=\"_wpcf7_posted_data_hash\" value=\"\" \/>\n<\/div>\n<div class=\"row ziph-input_group ziph-m-0\">\n<div class=\"col-md-6 \"><span class=\"wpcf7-form-control-wrap text-815\"><input type=\"text\" name=\"text-815\" value=\"\" size=\"40\" class=\"wpcf7-form-control wpcf7-text wpcf7-validates-as-required\" aria-required=\"true\" aria-invalid=\"false\" placeholder=\"Nom\" \/><\/span><\/div>\n<div class=\"col-md-6 \"><span class=\"wpcf7-form-control-wrap email-251\"><input type=\"email\" name=\"email-251\" value=\"\" size=\"40\" class=\"wpcf7-form-control wpcf7-text wpcf7-email wpcf7-validates-as-required wpcf7-validates-as-email\" aria-required=\"true\" aria-invalid=\"false\" placeholder=\"E-mail\" \/><\/span><\/div>\n<\/div>\n<p><\/p>\n<div class=\"ziph-input_single ziph-m-0\"><span class=\"wpcf7-form-control-wrap textarea-274\"><textarea name=\"textarea-274\" cols=\"40\" rows=\"10\" class=\"wpcf7-form-control wpcf7-textarea\" aria-invalid=\"false\" placeholder=\"Missatge\"><\/textarea><\/span><\/div>\n<p>\n<input type=\"submit\" value=\"Enviar\" class=\"wpcf7-form-control wpcf7-submit ziph-submit-btn\" \/><\/p>\n<div class=\"wpcf7-response-output\" aria-hidden=\"true\"><\/div>\n<\/form>\n<\/div>\n<\/div>[\/vc_column_inner][\/vc_row_inner][\/vc_column][vc_column width=&#8221;1\/3&#8243;]      <div class=\"contactPRS_collapse\">\n          <div class=\"panel-group  ziph-contactC_group\" id=\"ziph-affilte_faq-69f5568edcf77\" role=\"tablist\" aria-multiselectable=\"true\">\n              \n                            <!--single contact start\\-->\n              <div class=\"panel panel-default ziph-contactC\">\n                <div class=\"panel-heading  ziph-contactC_head\" role=\"tab\" id=\"ziph-contactC-69f5568edcf77-0\">\n                  <h4 class=\"panel-title\">\n                  <a class=\"ziph-fix blo collapsed  ziph-contactC_btn\" role=\"button\" data-toggle=\"collapse\" data-parent=\"\" href=\"#ziph-contactCclps-69f5568edcf77-0\" aria-expanded=\"true\" aria-controls=\"ziph-contactCclps-69f5568edcf77-0\">\n                    <span class=\"ziph-flt_left ziph-contactC_title\">\n                      Dades de contacte                    <\/span> \n                    <span class=\"ziph-flt_right fa fa-angle-down\"><\/span>\n                  <\/a>\n                  <\/h4>\n                <\/div>\n                <div id=\"ziph-contactCclps-69f5568edcf77-0\" class=\"panel-collapse collapse  in\" role=\"tabpanel\" aria-labelledby=\"ziph-contactC-69f5568edcf77-0\">\n                   <div class=\"panel-body  ziph-contactC_body\">\n                    <li class=\"ziph-fix ziph-contactCSingle_info \"><div class=\"ziph-flt_left ziph-contactCI_icon\"><i class=\"ziph-brand-color fa fa-mobile\"><\/i><\/div><div class=\"ziph-fix ziph-contactCI_txt\"><strong class=\"ziph-contactCI_label\">Tel\u00e8fon:<\/strong><p><a href=\"tel:+34665068368\" >665 068 368<\/a><\/p><\/div><\/li><li class=\"ziph-fix ziph-contactCSingle_info \"><div class=\"ziph-flt_left ziph-contactCI_icon\"><i class=\"ziph-brand-color fa fa-envelope-o\"><\/i><\/div><div class=\"ziph-fix ziph-contactCI_txt\"><strong class=\"ziph-contactCI_label\">E - Mail:<\/strong><p><a href=\"mailto:contact@tinchost.com\" >contact@tinchost.com<\/a><\/p><\/div><\/li>                   <\/div>\n                <\/div>\n              <\/div><!--\/single contact end-->\n\n                            \n          <\/div>\n      <\/div><!--\/Faq warp end xxx-->\n    [\/vc_column][\/vc_row]<\/p>","protected":false},"excerpt":{"rendered":"[vc_row][vc_column width=&#8221;2\/3&#8243;][vc_row_inner][vc_column_inner][\/vc_column_inner][\/vc_row_inner][\/vc_column][vc_column width=&#8221;1\/3&#8243;][\/vc_column][\/vc_row]","protected":false},"author":1,"featured_media":0,"parent":0,"menu_order":0,"comment_status":"closed","ping_status":"closed","template":"","meta":{"spay_email":""},"yoast_head":"<!-- This site is optimized with the Yoast SEO plugin v18.2 - https:\/\/yoast.com\/wordpress\/plugins\/seo\/ -->\n<title>Contacte - Tinchost - Hosting i allotjament web de confian\u00e7a<\/title>\n<meta name=\"robots\" content=\"index, follow, max-snippet:-1, max-image-preview:large, max-video-preview:-1\" \/>\n<link rel=\"canonical\" href=\"https:\/\/tinchost.com\/en\/contact\/\" \/>\n<meta property=\"og:locale\" content=\"ca_ES\" \/>\n<meta property=\"og:type\" content=\"article\" \/>\n<meta property=\"og:title\" content=\"Contacte - Tinchost - Hosting i allotjament web de confian\u00e7a\" \/>\n<meta property=\"og:description\" content=\"[vc_row][vc_column width=&#8221;2\/3&#8243;][vc_row_inner][vc_column_inner][\/vc_column_inner][\/vc_row_inner][\/vc_column][vc_column width=&#8221;1\/3&#8243;][\/vc_column][\/vc_row]\" \/>\n<meta property=\"og:url\" content=\"https:\/\/tinchost.com\/en\/contact\/\" \/>\n<meta property=\"og:site_name\" content=\"Tinchost - Hosting i allotjament web de confian\u00e7a\" \/>\n<meta property=\"article:modified_time\" content=\"2018-02-01T12:45:33+00:00\" \/>\n<meta name=\"twitter:card\" content=\"summary_large_image\" \/>\n<meta name=\"twitter:label1\" content=\"Temps estimat de lectura\" \/>\n\t<meta name=\"twitter:data1\" content=\"2 minuts\" \/>\n<script type=\"application\/ld+json\" class=\"yoast-schema-graph\">{\"@context\":\"https:\/\/schema.org\",\"@graph\":[{\"@type\":\"WebSite\",\"@id\":\"https:\/\/tinchost.com\/ca\/#website\",\"url\":\"https:\/\/tinchost.com\/ca\/\",\"name\":\"Tinchost - Hosting i allotjament web de confian\u00e7a\",\"description\":\"Tinchost t&#039;ofereix el servei hosting i domini m\u00e9s adaptat a les teves necessitats, t&#039;oferim una atenci\u00f3 al client personalitzada\",\"potentialAction\":[{\"@type\":\"SearchAction\",\"target\":{\"@type\":\"EntryPoint\",\"urlTemplate\":\"https:\/\/tinchost.com\/ca\/?s={search_term_string}\"},\"query-input\":\"required name=search_term_string\"}],\"inLanguage\":\"ca\"},{\"@type\":\"WebPage\",\"@id\":\"https:\/\/tinchost.com\/en\/contact\/#webpage\",\"url\":\"https:\/\/tinchost.com\/en\/contact\/\",\"name\":\"Contacte - Tinchost - Hosting i allotjament web de confian\u00e7a\",\"isPartOf\":{\"@id\":\"https:\/\/tinchost.com\/ca\/#website\"},\"datePublished\":\"2017-09-15T17:06:39+00:00\",\"dateModified\":\"2018-02-01T12:45:33+00:00\",\"breadcrumb\":{\"@id\":\"https:\/\/tinchost.com\/en\/contact\/#breadcrumb\"},\"inLanguage\":\"ca\",\"potentialAction\":[{\"@type\":\"ReadAction\",\"target\":[\"https:\/\/tinchost.com\/en\/contact\/\"]}]},{\"@type\":\"BreadcrumbList\",\"@id\":\"https:\/\/tinchost.com\/en\/contact\/#breadcrumb\",\"itemListElement\":[{\"@type\":\"ListItem\",\"position\":1,\"name\":\"Portada\",\"item\":\"https:\/\/tinchost.com\/ca\/\"},{\"@type\":\"ListItem\",\"position\":2,\"name\":\"Contact\"}]}]}<\/script>\n<!-- \/ Yoast SEO plugin. -->","yoast_head_json":{"title":"Contacte - Tinchost - Hosting i allotjament web de confian\u00e7a","robots":{"index":"index","follow":"follow","max-snippet":"max-snippet:-1","max-image-preview":"max-image-preview:large","max-video-preview":"max-video-preview:-1"},"canonical":"https:\/\/tinchost.com\/en\/contact\/","og_locale":"ca_ES","og_type":"article","og_title":"Contacte - Tinchost - Hosting i allotjament web de confian\u00e7a","og_description":"[vc_row][vc_column width=&#8221;2\/3&#8243;][vc_row_inner][vc_column_inner][\/vc_column_inner][\/vc_row_inner][\/vc_column][vc_column width=&#8221;1\/3&#8243;][\/vc_column][\/vc_row]","og_url":"https:\/\/tinchost.com\/en\/contact\/","og_site_name":"Tinchost - Hosting i allotjament web de confian\u00e7a","article_modified_time":"2018-02-01T12:45:33+00:00","twitter_card":"summary_large_image","twitter_misc":{"Temps estimat de lectura":"2 minuts"},"schema":{"@context":"https:\/\/schema.org","@graph":[{"@type":"WebSite","@id":"https:\/\/tinchost.com\/ca\/#website","url":"https:\/\/tinchost.com\/ca\/","name":"Tinchost - Hosting i allotjament web de confian\u00e7a","description":"Tinchost t&#039;ofereix el servei hosting i domini m\u00e9s adaptat a les teves necessitats, t&#039;oferim una atenci\u00f3 al client personalitzada","potentialAction":[{"@type":"SearchAction","target":{"@type":"EntryPoint","urlTemplate":"https:\/\/tinchost.com\/ca\/?s={search_term_string}"},"query-input":"required name=search_term_string"}],"inLanguage":"ca"},{"@type":"WebPage","@id":"https:\/\/tinchost.com\/en\/contact\/#webpage","url":"https:\/\/tinchost.com\/en\/contact\/","name":"Contacte - Tinchost - Hosting i allotjament web de confian\u00e7a","isPartOf":{"@id":"https:\/\/tinchost.com\/ca\/#website"},"datePublished":"2017-09-15T17:06:39+00:00","dateModified":"2018-02-01T12:45:33+00:00","breadcrumb":{"@id":"https:\/\/tinchost.com\/en\/contact\/#breadcrumb"},"inLanguage":"ca","potentialAction":[{"@type":"ReadAction","target":["https:\/\/tinchost.com\/en\/contact\/"]}]},{"@type":"BreadcrumbList","@id":"https:\/\/tinchost.com\/en\/contact\/#breadcrumb","itemListElement":[{"@type":"ListItem","position":1,"name":"Portada","item":"https:\/\/tinchost.com\/ca\/"},{"@type":"ListItem","position":2,"name":"Contact"}]}]}},"_links":{"self":[{"href":"https:\/\/tinchost.com\/ca\/wp-json\/wp\/v2\/pages\/1606"}],"collection":[{"href":"https:\/\/tinchost.com\/ca\/wp-json\/wp\/v2\/pages"}],"about":[{"href":"https:\/\/tinchost.com\/ca\/wp-json\/wp\/v2\/types\/page"}],"author":[{"embeddable":true,"href":"https:\/\/tinchost.com\/ca\/wp-json\/wp\/v2\/users\/1"}],"replies":[{"embeddable":true,"href":"https:\/\/tinchost.com\/ca\/wp-json\/wp\/v2\/comments?post=1606"}],"version-history":[{"count":14,"href":"https:\/\/tinchost.com\/ca\/wp-json\/wp\/v2\/pages\/1606\/revisions"}],"predecessor-version":[{"id":2640,"href":"https:\/\/tinchost.com\/ca\/wp-json\/wp\/v2\/pages\/1606\/revisions\/2640"}],"wp:attachment":[{"href":"https:\/\/tinchost.com\/ca\/wp-json\/wp\/v2\/media?parent=1606"}],"curies":[{"name":"wp","href":"https:\/\/api.w.org\/{rel}","templated":true}]}}